{"id":1698,"date":"2023-01-16T09:51:40","date_gmt":"2023-01-16T09:51:40","guid":{"rendered":"http:\/\/hoteljelna.ro\/?page_id=1698"},"modified":"2025-02-10T20:53:34","modified_gmt":"2025-02-10T18:53:34","slug":"politica-de-anulare","status":"publish","type":"page","link":"http:\/\/hoteljelna.ro\/en\/politica-de-anulare\/","title":{"rendered":"politica de anulare"},"content":{"rendered":"<style>.elementor-1698 .elementor-element.elementor-element-df18c45{text-align:center;}.elementor-1698 .elementor-element.elementor-element-df18c45 > .elementor-widget-container{margin:50px 0px 50px 0px;}.elementor-1698 .elementor-element.elementor-element-0f9c77c > .elementor-widget-container{margin:0px 0px 100px 0px;}:root{--page-title-display:none;}<\/style>\t\t<div data-elementor-type=\"wp-page\" data-elementor-id=\"1698\" class=\"elementor elementor-1698\" data-elementor-post-type=\"page\">\n\t\t\t\t\t\t<section class=\"elementor-section elementor-top-section elementor-element elementor-element-23c8dea elementor-section-boxed elementor-section-height-default elementor-section-height-default\" data-id=\"23c8dea\" data-element_type=\"section\" data-e-type=\"section\">\n\t\t\t\t\t\t<div class=\"elementor-container elementor-column-gap-default\">\n\t\t\t\t\t<div class=\"elementor-column elementor-col-100 elementor-top-column elementor-element elementor-element-c69573d\" data-id=\"c69573d\" data-element_type=\"column\" data-e-type=\"column\">\n\t\t\t<div class=\"elementor-widget-wrap elementor-element-populated\">\n\t\t\t\t\t\t<div class=\"elementor-element elementor-element-df18c45 elementor-widget elementor-widget-heading\" data-id=\"df18c45\" data-element_type=\"widget\" data-e-type=\"widget\" data-widget_type=\"heading.default\">\n\t\t\t\t<div class=\"elementor-widget-container\">\n\t\t\t\t\t<h2 class=\"elementor-heading-title elementor-size-default\">Politica de anulare<\/h2>\t\t\t\t<\/div>\n\t\t\t\t<\/div>\n\t\t\t\t<div class=\"elementor-element elementor-element-0f9c77c elementor-widget elementor-widget-text-editor\" data-id=\"0f9c77c\" data-element_type=\"widget\" data-e-type=\"widget\" data-widget_type=\"text-editor.default\">\n\t\t\t\t<div class=\"elementor-widget-container\">\n\t\t\t\t\t\t\t\t\t<p><strong>Nerambursabil:<\/strong><\/p><p><strong>Politica de anulare a planului tarifar nerambursabil<\/strong> implic\u0103 faptul c\u0103, odat\u0103 ce a fost efectuat\u0103 rezervarea, banii nu vor fi restitui\u021bi \u00een cazul anul\u0103rii. Aceast\u0103 abordare presupune c\u0103 utilizatorul \u00ee\u0219i asum\u0103 \u00een mod explicit obliga\u021bia de a pl\u0103ti suma convenit\u0103, indiferent de circumstan\u021bele care ar putea determina renun\u021barea la rezervare. Este esen\u021bial s\u0103 fie clarificat c\u0103, \u00een conformitate cu aceast\u0103 politic\u0103, nu vor exista ramburs\u0103ri \u0219i c\u0103 suma achitat\u0103 va fi re\u021binut\u0103 \u00een totalitate.<\/p><p>Dac\u0103 anularea rezerv\u0103rii se realizeaz\u0103 cu minimum 7 (\u0219apte) zile \u00eenainte de data check-in-ului, se poate discuta o reprogramare a sejurului, \u00een func\u021bie de disponibilitatea complexului. Reprogramarea nu este valabil\u0103 \u00een cazul pachetelor ofertate \u00een cadrul complexului.<\/p><p>\u00cen cazul \u00een care rezervarea se face telefonic, se emite o factur\u0103 proform\u0103 pentru suma integral\u0103 aferent\u0103 perioadei alese de dumneavoastr\u0103. Ulterior, este necesar s\u0103 ne trimite\u021bi dovada pl\u0103\u021bii pe adresa <strong><a rel=\"noopener\">rezervari@hoteljelna.ro<\/a><\/strong>, aceasta reprezent\u00e2nd garan\u021bia rezerv\u0103rii. Dac\u0103 factura proform\u0103 nu este achitat\u0103 \u00een maximum 24 de ore de la emiterea ei, rezervarea respectiv\u0103 nu mai este garantat\u0103.<\/p><p>\u00cen caz de neprezentare, complexul \u00ee\u0219i rezerv\u0103 dreptul de a elibera apartamentul\/camera pentru restul sejurului.<\/p><p>Pentru persoanele care nu au rezervare \u00een prealabil, <strong>Complexul Jelna<\/strong> nu garanteaz\u0103 disponibilitatea apartamentelor\/camerelor dorite la momentul prezent\u0103rii la recep\u021bie.<\/p><p>Plata caz\u0103rii se va face integral, \u00een RON.<\/p>\t\t\t\t\t\t\t\t<\/div>\n\t\t\t\t<\/div>\n\t\t\t\t\t<\/div>\n\t\t<\/div>\n\t\t\t\t\t<\/div>\n\t\t<\/section>\n\t\t\t\t<\/div>","protected":false},"excerpt":{"rendered":"<p>Politica de anulare Nerambursabil: Politica de anulare a planului tarifar nerambursabil implic\u0103 faptul c\u0103, odat\u0103 ce a fost efectuat\u0103 rezervarea, banii nu vor fi restitui\u021bi \u00een cazul anul\u0103rii. Aceast\u0103 abordare presupune c\u0103 utilizatorul \u00ee\u0219i asum\u0103 \u00een mod explicit obliga\u021bia de a pl\u0103ti suma convenit\u0103, indiferent de circumstan\u021bele care ar putea determina renun\u021barea la rezervare. Este [&hellip;]<\/p>\n","protected":false},"author":1,"featured_media":0,"parent":0,"menu_order":0,"comment_status":"closed","ping_status":"closed","template":"elementor_header_footer","meta":{"_acf_changed":false,"footnotes":""},"class_list":["post-1698","page","type-page","status-publish","hentry"],"acf":[],"_links":{"self":[{"href":"http:\/\/hoteljelna.ro\/en\/wp-json\/wp\/v2\/pages\/1698","targetHints":{"allow":["GET"]}}],"collection":[{"href":"http:\/\/hoteljelna.ro\/en\/wp-json\/wp\/v2\/pages"}],"about":[{"href":"http:\/\/hoteljelna.ro\/en\/wp-json\/wp\/v2\/types\/page"}],"author":[{"embeddable":true,"href":"http:\/\/hoteljelna.ro\/en\/wp-json\/wp\/v2\/users\/1"}],"replies":[{"embeddable":true,"href":"http:\/\/hoteljelna.ro\/en\/wp-json\/wp\/v2\/comments?post=1698"}],"version-history":[{"count":7,"href":"http:\/\/hoteljelna.ro\/en\/wp-json\/wp\/v2\/pages\/1698\/revisions"}],"predecessor-version":[{"id":4192,"href":"http:\/\/hoteljelna.ro\/en\/wp-json\/wp\/v2\/pages\/1698\/revisions\/4192"}],"wp:attachment":[{"href":"http:\/\/hoteljelna.ro\/en\/wp-json\/wp\/v2\/media?parent=1698"}],"curies":[{"name":"wp","href":"https:\/\/api.w.org\/{rel}","templated":true}]}}